
{"id":1098,"date":"2025-02-10T15:39:56","date_gmt":"2025-02-10T15:39:56","guid":{"rendered":"https:\/\/dactilar-proyectos.com\/?page_id=1098"},"modified":"2025-02-10T15:40:26","modified_gmt":"2025-02-10T15:40:26","slug":"politica-de-privacidad","status":"publish","type":"page","link":"https:\/\/aemis.org\/index.php\/politica-de-privacidad\/","title":{"rendered":"Pol\u00edtica de privacidad"},"content":{"rendered":"\n<p>La presente pol\u00edtica de privacidad es conforme al Reglamento (UE) 2016\/679 del Parlamento Europeo y del Consejo, de 27 de abril de 2016, relativo a la protecci\u00f3n de las personas f\u00edsicas en lo que respecta al tratamiento de datos personales y a la libre circulaci\u00f3n de estos datos (RGPD), a Ley Org\u00e1nica 3\/2018, de 5 de diciembre, de Protecci\u00f3n de Datos Personales y garant\u00eda de los derechos digitales (LOPDGDD), as\u00ed como en lo que no resulte contrario a la normativa indicada, a la Ley Org\u00e1nica 15\/1999, de Protecci\u00f3n de Datos de Car\u00e1cter Personal (LOPD) y su normativa de desarrollo, y\/o aquellas que las pudieran sustituir o actualizar en el futuro.<\/p>\n\n\n\n<p>Nuestra organizaci\u00f3n est\u00e1 comprometida con la privacidad de sus datos personales. Los datos personales facilitados son necesarios para prestar nuestros servicios y son tratados de manera l\u00edcita, leal y transparente, garantizando una seguridad adecuada de los mismos, incluida la protecci\u00f3n contra el tratamiento no autorizado o il\u00edcito y contra su p\u00e9rdida, destrucci\u00f3n o da\u00f1o accidental mediante la aplicaci\u00f3n de medidas t\u00e9cnicas y organizativas.<\/p>\n\n\n\n<p>A trav\u00e9s del presente documento queremos ofrecerle de forma transparente y leal toda la informaci\u00f3n necesaria relativa al tratamiento de sus datos personales que realiza esta organizaci\u00f3n.<\/p>\n\n\n\n<p><strong>I<\/strong><strong>.- RESPONSABLE DEL TRATAMIENTO<\/strong><\/p>\n\n\n\n<p><strong>IDENTIDAD:&nbsp;<\/strong>ASOCIACION ESPA\u00d1OLA DE CIRUGIA DE MINIMA INCISION DEL PIE&nbsp;<strong>C.I.F. \/ N.I.F.:&nbsp;<\/strong>G12517397<br><strong>DOMICILIO:&nbsp;<\/strong>C\/ LEPANTO, 7 BAJO, 03760 ONDARA (ALICANTE)<\/p>\n\n\n\n<p><strong>TEL\u00c9FONO:&nbsp;<\/strong>965767021&nbsp;<strong>E-MAIL:&nbsp;<\/strong>cursos@aemis.org<\/p>\n\n\n\n<p><strong>II<\/strong><strong>.- DESTINATARIOS DE LOS DATOS PERSONALES<\/strong><\/p>\n\n\n\n<p>1.- Los datos personales facilitados no ser\u00e1n objeto de cesi\u00f3n alguna salvo que as\u00ed se disponga en los tratamientos espec\u00edficos.<\/p>\n\n\n\n<p>2.- Opcionalmente, para la contrataci\u00f3n de servicios de computaci\u00f3n en la nube y\/o servicios para el env\u00edo de e-mails, de comunicaci\u00f3n, as\u00ed como otros servicios inform\u00e1ticos relacionados, los datos personales podr\u00e1n ser:<\/p>\n\n\n\n<p>\u2013 Cedidos a empresas de servicios inform\u00e1ticos ubicadas dentro del Espacio Econ\u00f3mico Europeo (EEE) o,<\/p>\n\n\n\n<p>\u2013 Transferidos a empresas de servicios inform\u00e1ticos ubicadas fuera del EEE acogidos al escudo de protecci\u00f3n Privacy Shield por lo que cuentan con medidas de protecci\u00f3n adecuadas para garantizar la seguridad de los datos personales. Puede obtener m\u00e1s informaci\u00f3n visitando este enlace: https:\/\/www.privacyshield.gov\/welcome<\/p>\n\n\n\n<p>3.- Opcionalmente, a administraciones y dem\u00e1s organismos cuando sean requeridos en cumplimiento de obligaciones legales.<\/p>\n\n\n\n<p><strong>III<\/strong><strong>.- BASE LEGAL QUE LEGITIMA EL TRATAMIENTO DE LOS DATOS PERSONALES<\/strong><\/p>\n\n\n\n<p>En cada tratamiento espec\u00edfico de datos personales le informaremos de la base legal que lo legitima.<\/p>\n\n\n\n<p><strong>IV<\/strong><strong>.- DERECHOS DERECHO DE ACCESO<\/strong><\/p>\n\n\n\n<p>Es el derecho a obtener del responsable del tratamiento confirmaci\u00f3n de si est\u00e1n tratando o no datos personales que conciernen al interesado y, en tal caso, derecho de acceso a los datos personales y a la siguiente informaci\u00f3n: los fines del tratamiento, las categor\u00edas de datos personales de que se trate, los destinatarios o las categor\u00edas de destinatarios a los que se comunicaron o ser\u00e1n comunicados los datos personales, plazo de conservaci\u00f3n o los criterios utilizados para determinar este plazo, la existencia del derecho a solicitar del responsable la rectificaci\u00f3n o supresi\u00f3n de datos personales o la limitaci\u00f3n de tratamiento de datos personales relativos al interesado o a oponerse a dicho tratamiento, derecho a presentar una reclamaci\u00f3n ante la Agencia Espa\u00f1ola de Protecci\u00f3n de Datos (AEPD), la existencia, en su caso, de decisiones automatizadas, incluida la elaboraci\u00f3n de perfiles, cuando se transfieran datos terceros pa\u00edses el derecho a ser informado de las garant\u00edas adecuadas aplicadas.<\/p>\n\n\n\n<p><strong>DERECHO DE RECTIFICACI\u00d3N<\/strong><\/p>\n\n\n\n<p>Es el derecho a solicitar la rectificaci\u00f3n de sus datos personales si son inexactos, incluyendo el derecho a completar datos que figuren incompletos. Hay que tener en cuenta que al facilitarnos los datos personales<br>por cualquier v\u00eda, garantiza que son ciertos y exactos y se compromete a notificarnos cualquier cambio o modificaci\u00f3n de los mismos. Por lo tanto cualquier da\u00f1o causado por motivo de una comunicaci\u00f3n d informaci\u00f3n err\u00f3nea, inexacta o incompleta en los formularios de la web, ser\u00e1 responsabilidad exclusiva del interesado.<\/p>\n\n\n\n<p><strong>DERECHO DE SUPRESI\u00d3N<\/strong><\/p>\n\n\n\n<p>Es el derecho a solicitar la supresi\u00f3n de sus datos personales cuando, entre otros supuestos, ya no son necesarios para la finalidad por la cual fueron recabados, o est\u00e1n siendo tratados de otro modo o retire el consentimiento. Hay que tener en cuenta que no proceder\u00e1 la supresi\u00f3n cuando el tratamiento de los datos personales sea necesario, entre otros supuestos, para el cumplimiento de obligaciones legales o para la formulaci\u00f3n, el ejercicio o la defensa de reclamaciones.<\/p>\n\n\n\n<p><strong>DERECHO A LA LIMITACI\u00d3N<\/strong><\/p>\n\n\n\n<p>Es el derecho a solicitar la limitaci\u00f3n del tratamiento de sus datos personales, lo que supone que en determinados casos pueda solicitarnos que suspendamos temporalmente los tratamientos de sus datos personales o que los conservemos m\u00e1s all\u00e1 del tiempo necesario cuando pueda necesitarlo.<\/p>\n\n\n\n<p><strong>DERECHO A RETIRAR EL CONSENTIMIENTO<\/strong><\/p>\n\n\n\n<p>Es el derecho a retirar el consentimiento que ha proporcionado al marcar<em>\u201cHe le\u00eddo y acepto la pol\u00edtica de privacidad\u201d&nbsp;<\/em>en cualquier momento y seg\u00fan se especifica en el apartado correspondiente \u201cEjercicio de derechos\u201d o en el tratamiento espec\u00edfico de comunicaciones comerciales o Newsletter. Hay que tener en cuenta que este derecho no surtir\u00e1 efectos si, entre otros casos, el tratamiento de los datos personales es necesario para el cumplimiento de una obligaci\u00f3n legal, la ejecuci\u00f3n y el mantenimiento de una relaci\u00f3n contractual, o para la formulaci\u00f3n, ejercicio o la defensa de reclamaciones. Asimismo la retirada del consentimiento no tendr\u00e1 efectos retroactivos, es decir, no afectar\u00e1 a la licitud del tratamiento basado en<br>el consentimiento previo a su retirada.<\/p>\n\n\n\n<p><strong>DERECHO A LA PORTABILIDAD<\/strong><\/p>\n\n\n\n<p>Es el derecho a recibir los datos personales que le incumban y que nos haya facilitado, en un formato estructurado, de uso com\u00fan y lectura mec\u00e1nica, y a trasmitirlos a otro responsable, siempre y cuando: el tratamiento se base en su consentimiento y se efect\u00fae por medios automatizados o inform\u00e1ticos.<\/p>\n\n\n\n<p><strong>DERECHO DE OPOSICI\u00d3N<\/strong><\/p>\n\n\n\n<p>Es el derecho a oponerse al tratamiento de sus datos personales en base al inter\u00e9s leg\u00edtimo nuestro. No seguiremos tratando sus datos personales a menos quepodamos acreditar motivos leg\u00edtimos imperiosos para el tratamiento que prevalezcan sobre sus intereses, derechos y libertades, o bien para la formulaci\u00f3n, el ejercicio o la defensa de reclamaciones.<\/p>\n\n\n\n<p><strong>DERECHO A PRESENTAR UNA RECLAMACI\u00d3N ANTE UNA AUTORIDAD DE CONTROL<\/strong><\/p>\n\n\n\n<p>Si considera que tratamos sus datos personales de un modo incorrecto, puede contactar con nosotros o tambi\u00e9n tiene derecho a presentar una reclamaci\u00f3n ante la Agencia Espa\u00f1ola de Protecci\u00f3n de Datos (AEPD):<\/p>\n\n\n\n<figure class=\"wp-block-embed\"><div class=\"wp-block-embed__wrapper\">\nhttps:\/\/www.agpd.es\/portalwebAGPD\/index-ides-idphp.php\n<\/div><\/figure>\n\n\n\n<p><strong>EJERCICIO DE DERECHOS<\/strong><\/p>\n\n\n\n<p>Puede ejercer los derechos que le asisten a trav\u00e9s de carta a la direcci\u00f3n postal arriba indicada o a trav\u00e9s del e-mail cursos@aemis.org, adjuntando en ambos casos copia de su NIF\/NIE\/Pasaporte o documento an\u00e1logo.<\/p>\n\n\n\n<p><strong>V<\/strong><strong>.- TRATAMIENTOS DE DATOS PERSONALES. DISPOSICIONES GEN\u00c9RICAS<\/strong><\/p>\n\n\n\n<p>Los datos personales solicitados en cada uno de los tratamientos espec\u00edficos son adecuados, pertinentes y limitados a lo necesario en relaci\u00f3n con los fines para los que son tratados por lo que se cumple con el principio de&nbsp;<em>minimizaci\u00f3n de datos<\/em>.<\/p>\n\n\n\n<p>Los datos personales solicitados en cada uno de los tratamientos espec\u00edficos son los estrictame necesarios, la negativa a facilitarlos implicar\u00eda no poder prestar el servicio solicitado.<\/p>\n\n\n\n<p>Las comunicaciones de los datos personales previstas en cada uno de los tratamientos espec\u00edficos en algunos casos son necesarias para la ejecuci\u00f3n y el mantenimiento de un contrato y en otros casos para el cumplimiento de una obligaci\u00f3n legal aplicable al responsable del tratamiento.<\/p>\n\n\n\n<p>En caso de que esta web utilice el software de chat online, proporcionado como autoservicio para facilitar a los usuarios una respuesta adecuada y r\u00e1pida a preguntas habituales y en mejorar los servicios de atenci\u00f3n al consumidor para el beneficio de los usuarios que visitan el sitio web, se someter\u00e1n a tratamiento los siguientes datos durante la conversaci\u00f3n con el \u201cchat bot\u201d: la direcci\u00f3n IP y otros datos personales que se introduzcan en la funci\u00f3n de conversaci\u00f3n del \u201cchat bot\u201d.<\/p>\n\n\n\n<p>Los datos recopilados no se utilizar\u00e1n para identificar personalmente al visitante del sitio web, y no se fusionar\u00e1n con datos personales sobre el portador del seud\u00f3nimo, a menos que los datos personales se proporcionen voluntariamente al utilizar el chat online.<\/p>\n\n\n\n<p>El fundamento jur\u00eddico de este tratamiento se establece en el art\u00edculo 6, apartado 1, letra f) del RGPD.<\/p>\n\n\n\n<p><strong>FORMULARIO DE CONTACTO<\/strong><\/p>\n\n\n\n<p>Los datos personales ser\u00e1n tratados para canalizar las solicitudes de informaci\u00f3n, sugerencias y reclamaciones de usuarios o clientes.<\/p>\n\n\n\n<p>La base legal que legitima el tratamiento de los datos personales es el consentimiento expreso al marcar&nbsp;<em>\u201cHe le\u00eddo y acepto la pol\u00edtica de privacidad\u201d<\/em>.<\/p>\n\n\n\n<p><strong>ASISTENTE DIGITAL \u2013 \u201cCHATBOT\u201d o \u201cCHAT ONLINE\u201d<\/strong><\/p>\n\n\n\n<p>Los datos personales se conservar\u00e1n por un per\u00edodo de dos a\u00f1os desde el momento en que dejen de<\/p>\n\n\n\n<p>tratarse, sin perjuicio del ejercicio de los derechos que le asisten como interesado.<\/p>\n\n\n\n<p><strong>FORMULARIO COMERCIO ELECTR\u00d3NICO (E-COMMERCE)<\/strong><\/p>\n\n\n\n<p>Los datos personales ser\u00e1n tratados para gestionar sus compras online mediante el procesamiento de sus pedidos y devoluciones a trav\u00e9s de nuestros servicios online, enviarle notificaciones sobre el estado de la entrega o en caso de problemas con el env\u00edo de los art\u00edculos, administrar sus pagos, gestionar cualquier queja o cuesti\u00f3n sobre la garant\u00eda de los productos o servicios, identificarle y validar su edad legal para contratar, as\u00ed como para y en su caso, la formulaci\u00f3n, ejercicio o la defensa de reclamaciones<\/p>\n\n\n\n<p>La base legal que legitima el tratamiento de los datos personales es el consentimiento expreso al marcar&nbsp;<em>\u201cHe le\u00eddo y acepto la pol\u00edtica de privacidad\u201d<\/em>.<\/p>\n\n\n\n<p>Los datos personales ser\u00e1n cedidos a la empresa de transporte para poder hacerte llegar el pedido a tu domicilio as\u00ed como a proveedores del servicio de pago.<\/p>\n\n\n\n<p>Los datos personales se conservar\u00e1n mientras no retire el consentimiento, salvo que deban conservarse para el mantenimiento de la relaci\u00f3n entre las partes o durante los a\u00f1os necesarios para el cumplimiento de obligaciones legales.<\/p>\n\n\n\n<p><strong>FORMULARIO COMUNICACIONES COMERCIALES O NEWSLETTER<\/strong><\/p>\n\n\n\n<p>Los datos personales ser\u00e1n tratados para gestionar la suscripci\u00f3n a nuestra Newsletter, incluyendo el env\u00edo<br>de informaci\u00f3n personalizada o no acerca de nuestros productos o servicios a trav\u00e9s de diversos medios como tel\u00e9fono, correo electr\u00f3nico, SMS, aplicaciones para dispositivos m\u00f3viles, as\u00ed como por cualquier procedimiento an\u00e1logo. Hay que tener en cuenta que este tipo de tratamiento de datos puede conllevar el an\u00e1lisis de su perfil de usuario para determinar cu\u00e1les son sus preferencias y as\u00ed poder hacerle llega informaci\u00f3n m\u00e1s adecuada a sus intereses.<\/p>\n\n\n\n<p>Puede solicitar la baja para este tipo de tratamiento, en funci\u00f3n del medio empleado, de la siguiente forma:<\/p>\n\n\n\n<p>\u2013 Correo electr\u00f3nico: A trav\u00e9s del enlace al efecto que encontrar\u00e1 en cada una de las comunicaciones electr\u00f3nicas o mediante procedimiento an\u00e1logo especificado en la comunicaci\u00f3n comercial.<\/p>\n\n\n\n<p>\u2013 WhatsApp (otras apps): Solicitando la baja a la suscripci\u00f3n.<\/p>\n\n\n\n<p>\u2013 SMS: Solicitando la baja a la suscripci\u00f3n.<\/p>\n\n\n\n<p>Correo electr\u00f3nico: A trav\u00e9s del enlace al efecto que encontrar\u00e1 en cada una de las comunicaciones electr\u00f3nicas o mediante procedimiento an\u00e1logo especificado en la comunicaci\u00f3n comercial.<\/p>\n\n\n\n<p>WhatsApp (otras apps): Solicitando la baja a la suscripci\u00f3n.<\/p>\n\n\n\n<p>SMS: Solicitando la baja a la suscripci\u00f3n.<\/p>\n\n\n\n<p>Correo electr\u00f3nico: A trav\u00e9s del enlace al efecto que encontrar\u00e1 en cada una de las comunicaciones electr\u00f3nicas o mediante procedimiento an\u00e1logo especificado en la comunicaci\u00f3n comercial.<\/p>\n\n\n\n<p>WhatsApp (otras apps): Solicitando la baja a la suscripci\u00f3n.<\/p>\n\n\n\n<p>SMS: Solicitando la baja a la suscripci\u00f3n.<\/p>\n\n\n\n<p>La base legal que legitima el tratamiento de los datos personales es el consentimiento expreso prestado: al marcar&nbsp;<em>\u201cHe le\u00eddo y acepto la pol\u00edtica de privacidad\u201d&nbsp;<\/em>en la web, a trav\u00e9s de documento f\u00edsico o a trav\u00e9s de correo electr\u00f3nico, seg\u00fan cada caso.<\/p>\n\n\n\n<p>Hay que tener en cuenta que en caso de que el medio empleado sea WhatsApp los datos personales ser\u00e1n cedidos a WhatsApp Ireland Limited la cual se encuentra ubicada dentro del EEE.<\/p>\n\n\n\n<p>Los datos personales se conservar\u00e1n mientras no retire el consentimiento seg\u00fan la forma indicada en el presente apartado.<\/p>\n\n\n\n<p><strong>FORMULARIO ALTA SOCIOS<\/strong><\/p>\n\n\n\n<p>Los datos personales ser\u00e1n tratados para gestionar el alta como socio, para gestiones administrativas, para la ejecuci\u00f3n y mantenimiento de la prestaci\u00f3n de servicios, as\u00ed como para cualquier otra finalidad leg\u00edtima y necesaria en base a la relaci\u00f3n que une a las partes.<\/p>\n\n\n\n<p>La base legal que legitima el tratamiento de los datos personales es el consentimiento expreso al<\/p>\n\n\n\n<p>marcar&nbsp;<em>\u201cHe le\u00eddo y acepto la pol\u00edtica de privacidad\u201d<\/em>.<\/p>\n\n\n\n<p>Como requisito contractual necesario, los datos personales podr\u00e1n ser cedidos a colaboradores externos, y en cumplimiento de obligaciones legales, a organismos, funcionarios p\u00fablicos, registros p\u00fablicos, as\u00ed como cualquier tercero, en general, necesario para el buen fin del encargo.<\/p>\n\n\n\n<p>Los datos personales se conservar\u00e1n mientras no retire el consentimiento, salvo que deban conservarse para el mantenimiento de la relaci\u00f3n entre las partes o durante los a\u00f1os necesarios para el cumplimiento de obligaciones legales.<\/p>\n","protected":false},"excerpt":{"rendered":"<p>La presente pol\u00edtica de privacidad es conforme al Reglamento (UE) 2016\/679 del Parlamento Europeo y del Consejo, de 27 de abril de 2016, relativo a la protecci\u00f3n de las personas f\u00edsicas en lo que respecta al tratamiento de datos personales y a la libre circulaci\u00f3n de estos datos (RGPD), a Ley Org\u00e1nica 3\/2018, de 5 [&hellip;]<\/p>\n","protected":false},"author":1,"featured_media":0,"parent":0,"menu_order":0,"comment_status":"closed","ping_status":"closed","template":"","meta":{"_et_pb_use_builder":"off","_et_pb_old_content":"","_et_gb_content_width":"1080","footnotes":""},"class_list":["post-1098","page","type-page","status-publish","hentry"],"yoast_head":"<!-- This site is optimized with the Yoast SEO plugin v27.0 - https:\/\/yoast.com\/product\/yoast-seo-wordpress\/ -->\n<title>Pol\u00edtica de privacidad - AEMIS \u2013 Asociaci\u00f3n Espa\u00f1ola de Cirug\u00eda de M\u00ednima Incisi\u00f3n del Pie<\/title>\n<meta name=\"robots\" content=\"index, follow, max-snippet:-1, max-image-preview:large, max-video-preview:-1\" \/>\n<link rel=\"canonical\" href=\"https:\/\/aemis.org\/index.php\/politica-de-privacidad\/\" \/>\n<meta property=\"og:locale\" content=\"es_ES\" \/>\n<meta property=\"og:type\" content=\"article\" \/>\n<meta property=\"og:title\" content=\"Pol\u00edtica de privacidad - AEMIS \u2013 Asociaci\u00f3n Espa\u00f1ola de Cirug\u00eda de M\u00ednima Incisi\u00f3n del Pie\" \/>\n<meta property=\"og:description\" content=\"La presente pol\u00edtica de privacidad es conforme al Reglamento (UE) 2016\/679 del Parlamento Europeo y del Consejo, de 27 de abril de 2016, relativo a la protecci\u00f3n de las personas f\u00edsicas en lo que respecta al tratamiento de datos personales y a la libre circulaci\u00f3n de estos datos (RGPD), a Ley Org\u00e1nica 3\/2018, de 5 [&hellip;]\" \/>\n<meta property=\"og:url\" content=\"https:\/\/aemis.org\/index.php\/politica-de-privacidad\/\" \/>\n<meta property=\"og:site_name\" content=\"AEMIS \u2013 Asociaci\u00f3n Espa\u00f1ola de Cirug\u00eda de M\u00ednima Incisi\u00f3n del Pie\" \/>\n<meta property=\"article:modified_time\" content=\"2025-02-10T15:40:26+00:00\" \/>\n<meta name=\"twitter:card\" content=\"summary_large_image\" \/>\n<meta name=\"twitter:label1\" content=\"Tiempo de lectura\" \/>\n\t<meta name=\"twitter:data1\" content=\"10 minutos\" \/>\n<script type=\"application\/ld+json\" class=\"yoast-schema-graph\">{\"@context\":\"https:\/\/schema.org\",\"@graph\":[{\"@type\":\"WebPage\",\"@id\":\"https:\/\/aemis.org\/index.php\/politica-de-privacidad\/\",\"url\":\"https:\/\/aemis.org\/index.php\/politica-de-privacidad\/\",\"name\":\"Pol\u00edtica de privacidad - AEMIS \u2013 Asociaci\u00f3n Espa\u00f1ola de Cirug\u00eda de M\u00ednima Incisi\u00f3n del Pie\",\"isPartOf\":{\"@id\":\"https:\/\/aemis.org\/#website\"},\"datePublished\":\"2025-02-10T15:39:56+00:00\",\"dateModified\":\"2025-02-10T15:40:26+00:00\",\"breadcrumb\":{\"@id\":\"https:\/\/aemis.org\/index.php\/politica-de-privacidad\/#breadcrumb\"},\"inLanguage\":\"es\",\"potentialAction\":[{\"@type\":\"ReadAction\",\"target\":[\"https:\/\/aemis.org\/index.php\/politica-de-privacidad\/\"]}]},{\"@type\":\"BreadcrumbList\",\"@id\":\"https:\/\/aemis.org\/index.php\/politica-de-privacidad\/#breadcrumb\",\"itemListElement\":[{\"@type\":\"ListItem\",\"position\":1,\"name\":\"Portada\",\"item\":\"https:\/\/aemis.org\/\"},{\"@type\":\"ListItem\",\"position\":2,\"name\":\"Pol\u00edtica de privacidad\"}]},{\"@type\":\"WebSite\",\"@id\":\"https:\/\/aemis.org\/#website\",\"url\":\"https:\/\/aemis.org\/\",\"name\":\"AEMIS \u2013 Asociaci\u00f3n Espa\u00f1ola de Cirug\u00eda de M\u00ednima Incisi\u00f3n del Pie\",\"description\":\"Asociaci\u00f3n Espa\u00f1ola de Cirug\u00eda M\u00ednima Incisi\u00f3n del Pie\",\"potentialAction\":[{\"@type\":\"SearchAction\",\"target\":{\"@type\":\"EntryPoint\",\"urlTemplate\":\"https:\/\/aemis.org\/?s={search_term_string}\"},\"query-input\":{\"@type\":\"PropertyValueSpecification\",\"valueRequired\":true,\"valueName\":\"search_term_string\"}}],\"inLanguage\":\"es\"}]}<\/script>\n<!-- \/ Yoast SEO plugin. -->","yoast_head_json":{"title":"Pol\u00edtica de privacidad - AEMIS \u2013 Asociaci\u00f3n Espa\u00f1ola de Cirug\u00eda de M\u00ednima Incisi\u00f3n del Pie","robots":{"index":"index","follow":"follow","max-snippet":"max-snippet:-1","max-image-preview":"max-image-preview:large","max-video-preview":"max-video-preview:-1"},"canonical":"https:\/\/aemis.org\/index.php\/politica-de-privacidad\/","og_locale":"es_ES","og_type":"article","og_title":"Pol\u00edtica de privacidad - AEMIS \u2013 Asociaci\u00f3n Espa\u00f1ola de Cirug\u00eda de M\u00ednima Incisi\u00f3n del Pie","og_description":"La presente pol\u00edtica de privacidad es conforme al Reglamento (UE) 2016\/679 del Parlamento Europeo y del Consejo, de 27 de abril de 2016, relativo a la protecci\u00f3n de las personas f\u00edsicas en lo que respecta al tratamiento de datos personales y a la libre circulaci\u00f3n de estos datos (RGPD), a Ley Org\u00e1nica 3\/2018, de 5 [&hellip;]","og_url":"https:\/\/aemis.org\/index.php\/politica-de-privacidad\/","og_site_name":"AEMIS \u2013 Asociaci\u00f3n Espa\u00f1ola de Cirug\u00eda de M\u00ednima Incisi\u00f3n del Pie","article_modified_time":"2025-02-10T15:40:26+00:00","twitter_card":"summary_large_image","twitter_misc":{"Tiempo de lectura":"10 minutos"},"schema":{"@context":"https:\/\/schema.org","@graph":[{"@type":"WebPage","@id":"https:\/\/aemis.org\/index.php\/politica-de-privacidad\/","url":"https:\/\/aemis.org\/index.php\/politica-de-privacidad\/","name":"Pol\u00edtica de privacidad - AEMIS \u2013 Asociaci\u00f3n Espa\u00f1ola de Cirug\u00eda de M\u00ednima Incisi\u00f3n del Pie","isPartOf":{"@id":"https:\/\/aemis.org\/#website"},"datePublished":"2025-02-10T15:39:56+00:00","dateModified":"2025-02-10T15:40:26+00:00","breadcrumb":{"@id":"https:\/\/aemis.org\/index.php\/politica-de-privacidad\/#breadcrumb"},"inLanguage":"es","potentialAction":[{"@type":"ReadAction","target":["https:\/\/aemis.org\/index.php\/politica-de-privacidad\/"]}]},{"@type":"BreadcrumbList","@id":"https:\/\/aemis.org\/index.php\/politica-de-privacidad\/#breadcrumb","itemListElement":[{"@type":"ListItem","position":1,"name":"Portada","item":"https:\/\/aemis.org\/"},{"@type":"ListItem","position":2,"name":"Pol\u00edtica de privacidad"}]},{"@type":"WebSite","@id":"https:\/\/aemis.org\/#website","url":"https:\/\/aemis.org\/","name":"AEMIS \u2013 Asociaci\u00f3n Espa\u00f1ola de Cirug\u00eda de M\u00ednima Incisi\u00f3n del Pie","description":"Asociaci\u00f3n Espa\u00f1ola de Cirug\u00eda M\u00ednima Incisi\u00f3n del Pie","potentialAction":[{"@type":"SearchAction","target":{"@type":"EntryPoint","urlTemplate":"https:\/\/aemis.org\/?s={search_term_string}"},"query-input":{"@type":"PropertyValueSpecification","valueRequired":true,"valueName":"search_term_string"}}],"inLanguage":"es"}]}},"_links":{"self":[{"href":"https:\/\/aemis.org\/index.php\/wp-json\/wp\/v2\/pages\/1098","targetHints":{"allow":["GET"]}}],"collection":[{"href":"https:\/\/aemis.org\/index.php\/wp-json\/wp\/v2\/pages"}],"about":[{"href":"https:\/\/aemis.org\/index.php\/wp-json\/wp\/v2\/types\/page"}],"author":[{"embeddable":true,"href":"https:\/\/aemis.org\/index.php\/wp-json\/wp\/v2\/users\/1"}],"replies":[{"embeddable":true,"href":"https:\/\/aemis.org\/index.php\/wp-json\/wp\/v2\/comments?post=1098"}],"version-history":[{"count":1,"href":"https:\/\/aemis.org\/index.php\/wp-json\/wp\/v2\/pages\/1098\/revisions"}],"predecessor-version":[{"id":1099,"href":"https:\/\/aemis.org\/index.php\/wp-json\/wp\/v2\/pages\/1098\/revisions\/1099"}],"wp:attachment":[{"href":"https:\/\/aemis.org\/index.php\/wp-json\/wp\/v2\/media?parent=1098"}],"curies":[{"name":"wp","href":"https:\/\/api.w.org\/{rel}","templated":true}]}}