
{"id":31,"date":"2024-04-20T17:14:27","date_gmt":"2024-04-20T17:14:27","guid":{"rendered":"https:\/\/dactilar-proyectos.com\/?page_id=31"},"modified":"2025-12-10T15:43:02","modified_gmt":"2025-12-10T15:43:02","slug":"contacto","status":"publish","type":"page","link":"https:\/\/aemis.org\/index.php\/contacto\/","title":{"rendered":"Contacto"},"content":{"rendered":"<p>[et_pb_section fb_built=\u00bb1&#8243; custom_padding_last_edited=\u00bboff|desktop\u00bb next_background_color=\u00bb#FFFFFF\u00bb admin_label=\u00bbHeader\u00bb _builder_version=\u00bb4.27.0&#8243; background_color=\u00bbRGBA(255,255,255,0)\u00bb background_image=\u00bbhttps:\/\/aemis.org\/wp-content\/uploads\/2025\/02\/Contacto-sombra.jpg\u00bb parallax=\u00bbon\u00bb background_blend=\u00bbdarken\u00bb width=\u00bb100%\u00bb max_width=\u00bb100%\u00bb min_height=\u00bb400px\u00bb height=\u00bb400px\u00bb max_height=\u00bb400px\u00bb custom_padding=\u00bb0vw||0vw||true|false\u00bb custom_padding_tablet=\u00bb170px||50px|\u00bb bottom_divider_style=\u00bbramp\u00bb bottom_divider_height=\u00bb6vw\u00bb bottom_divider_flip=\u00bbhorizontal\u00bb locked=\u00bboff\u00bb global_colors_info=\u00bb{}\u00bb][et_pb_row _builder_version=\u00bb4.16&#8243; min_height=\u00bb453.4px\u00bb custom_margin=\u00bb|auto|-54px|auto||\u00bb global_colors_info=\u00bb{}\u00bb][et_pb_column type=\u00bb4_4&#8243; _builder_version=\u00bb4.16&#8243; custom_padding=\u00bb|||\u00bb global_colors_info=\u00bb{}\u00bb custom_padding__hover=\u00bb|||\u00bb][et_pb_text admin_label=\u00bbTitle\u00bb _builder_version=\u00bb4.25.1&#8243; text_font=\u00bb||||||||\u00bb text_text_color=\u00bb#FFFFFF\u00bb text_line_height=\u00bb1.3em\u00bb header_font=\u00bbOswald|&#8211;et_global_heading_font_weight|on|on|||||\u00bb header_text_color=\u00bb#FFFFFF\u00bb header_font_size=\u00bb4.9vw\u00bb header_letter_spacing=\u00bb0.18em\u00bb header_line_height=\u00bb1.4em\u00bb header_2_font=\u00bb||||||||\u00bb background_color=\u00bbRGBA(255,255,255,0)\u00bb text_orientation=\u00bbcenter\u00bb background_layout=\u00bbdark\u00bb max_width=\u00bb100%\u00bb min_height=\u00bb161.7px\u00bb custom_margin=\u00bb||\u00bb custom_margin_tablet=\u00bb|||0vw\u00bb custom_margin_phone=\u00bb||0px\u00bb custom_margin_last_edited=\u00bboff|desktop\u00bb animation_style=\u00bbslide\u00bb animation_direction=\u00bbtop\u00bb animation_delay=\u00bb100ms\u00bb animation_intensity_slide=\u00bb10%\u00bb header_font_size_tablet=\u00bb7.5vw\u00bb header_font_size_phone=\u00bb\u00bb header_font_size_last_edited=\u00bbon|desktop\u00bb text_text_shadow_style=\u00bbpreset5&#8243; text_text_shadow_color=\u00bb#FFFFFF\u00bb header_text_shadow_style=\u00bbpreset2&#8243; header_text_shadow_horizontal_length=\u00bb0.03em\u00bb header_text_shadow_vertical_length=\u00bb0.05em\u00bb header_text_shadow_blur_strength=\u00bb0.11em\u00bb header_text_shadow_color=\u00bbRGBA(0,0,0,0.4)\u00bb global_colors_info=\u00bb{}\u00bb header_2_font_size__hover=\u00bb26px\u00bb header_2_font_size__hover_enabled=\u00bb26px\u00bb header_2_letter_spacing__hover=\u00bb0px\u00bb header_2_letter_spacing__hover_enabled=\u00bb0px\u00bb header_2_line_height__hover=\u00bb1em\u00bb header_2_line_height__hover_enabled=\u00bb1em\u00bb header_2_text_shadow_style__hover=\u00bbnone\u00bb header_2_text_shadow_style__hover_enabled=\u00bbnone\u00bb header_2_text_shadow_color__hover=\u00bbrgba(0,0,0,0.4)\u00bb header_2_text_shadow_color__hover_enabled=\u00bbrgba(0,0,0,0.4)\u00bb]<\/p>\n<h1><strong>Contacto<\/strong><\/h1>\n<p>[\/et_pb_text][\/et_pb_column][\/et_pb_row][\/et_pb_section][et_pb_section fb_built=\u00bb1&#8243; _builder_version=\u00bb4.27.4&#8243; _module_preset=\u00bbdefault\u00bb background_color=\u00bb#FFFFFF\u00bb global_colors_info=\u00bb{}\u00bb][et_pb_row column_structure=\u00bb1_3,1_3,1_3&#8243; _builder_version=\u00bb4.27.4&#8243; _module_preset=\u00bbdefault\u00bb global_colors_info=\u00bb{}\u00bb][et_pb_column type=\u00bb1_3&#8243; _builder_version=\u00bb4.27.4&#8243; _module_preset=\u00bbdefault\u00bb global_colors_info=\u00bb{}\u00bb][et_pb_text _builder_version=\u00bb4.27.4&#8243; text_font=\u00bbOswald||on||||||\u00bb text_text_color=\u00bb#2a2a2a\u00bb text_font_size=\u00bb29px\u00bb text_line_height=\u00bb2em\u00bb animation_style=\u00bbfold\u00bb animation_direction=\u00bbleft\u00bb animation_intensity_fold=\u00bb5%\u00bb animation_starting_opacity=\u00bb100%\u00bb locked=\u00bboff\u00bb global_colors_info=\u00bb{}\u00bb]<\/p>\n<p>Asociados<\/p>\n<p>[\/et_pb_text][et_pb_text _builder_version=\u00bb4.27.4&#8243; _module_preset=\u00bbdefault\u00bb text_font_size=\u00bb16px\u00bb global_colors_info=\u00bb{}\u00bb]<\/p>\n<p>Si su consulta es por un tema relacionado con <strong>Altas y Bajas como Asociado\/a<\/strong> escriba un correo a:<\/p>\n<p><strong>info@aemis.org<\/strong><\/p>\n<p>[\/et_pb_text][\/et_pb_column][et_pb_column type=\u00bb1_3&#8243; _builder_version=\u00bb4.27.4&#8243; _module_preset=\u00bbdefault\u00bb global_colors_info=\u00bb{}\u00bb][et_pb_text _builder_version=\u00bb4.27.4&#8243; text_font=\u00bbOswald||on||||||\u00bb text_text_color=\u00bb#2a2a2a\u00bb text_font_size=\u00bb29px\u00bb text_line_height=\u00bb2em\u00bb animation_style=\u00bbfold\u00bb animation_direction=\u00bbleft\u00bb animation_intensity_fold=\u00bb5%\u00bb animation_starting_opacity=\u00bb100%\u00bb locked=\u00bboff\u00bb global_colors_info=\u00bb{}\u00bb]<\/p>\n<p>Inscripciones Cursos<\/p>\n<p>[\/et_pb_text][et_pb_text _builder_version=\u00bb4.27.4&#8243; _module_preset=\u00bbdefault\u00bb text_font_size=\u00bb16px\u00bb global_colors_info=\u00bb{}\u00bb]<\/p>\n<p>Si su consulta es por un tema relacionado con <strong>Inscripciones a Cursos<\/strong>, escriba un correo a<\/p>\n<p><strong>cursos@aemis.org<\/strong><\/p>\n<p>[\/et_pb_text][\/et_pb_column][et_pb_column type=\u00bb1_3&#8243; _builder_version=\u00bb4.27.4&#8243; _module_preset=\u00bbdefault\u00bb global_colors_info=\u00bb{}\u00bb][et_pb_text _builder_version=\u00bb4.27.4&#8243; text_font=\u00bbOswald||on||||||\u00bb text_text_color=\u00bb#2a2a2a\u00bb text_font_size=\u00bb29px\u00bb text_line_height=\u00bb2em\u00bb animation_style=\u00bbfold\u00bb animation_direction=\u00bbleft\u00bb animation_intensity_fold=\u00bb5%\u00bb animation_starting_opacity=\u00bb100%\u00bb locked=\u00bboff\u00bb global_colors_info=\u00bb{}\u00bb]<\/p>\n<p>Asuntos t\u00e9cnicos Cursos<\/p>\n<p>[\/et_pb_text][et_pb_text _builder_version=\u00bb4.27.4&#8243; _module_preset=\u00bbdefault\u00bb text_font_size=\u00bb16px\u00bb global_colors_info=\u00bb{}\u00bb]<\/p>\n<p>Si su consulta es por un tema relacionado con el <strong>Programa del Curso o asuntos t\u00e9cnicos<\/strong>, escriba un correo a:<\/p>\n<p><strong>info@aemis.org<\/strong><\/p>\n<p>[\/et_pb_text][\/et_pb_column][\/et_pb_row][et_pb_row column_structure=\u00bb1_3,1_3,1_3&#8243; _builder_version=\u00bb4.27.4&#8243; _module_preset=\u00bbdefault\u00bb global_colors_info=\u00bb{}\u00bb][et_pb_column type=\u00bb1_3&#8243; _builder_version=\u00bb4.27.4&#8243; _module_preset=\u00bbdefault\u00bb global_colors_info=\u00bb{}\u00bb][et_pb_text _builder_version=\u00bb4.27.4&#8243; text_font=\u00bbOswald||on||||||\u00bb text_text_color=\u00bb#2a2a2a\u00bb text_font_size=\u00bb29px\u00bb text_line_height=\u00bb2em\u00bb animation_style=\u00bbfold\u00bb animation_direction=\u00bbleft\u00bb animation_intensity_fold=\u00bb5%\u00bb animation_starting_opacity=\u00bb100%\u00bb locked=\u00bboff\u00bb global_colors_info=\u00bb{}\u00bb]<\/p>\n<p>Facturaci\u00f3n<\/p>\n<p>[\/et_pb_text][et_pb_text _builder_version=\u00bb4.27.4&#8243; _module_preset=\u00bbdefault\u00bb text_font_size=\u00bb16px\u00bb global_colors_info=\u00bb{}\u00bb]<\/p>\n<p>Si su consulta es por un<strong> tema relacionado con facturas<\/strong> escriba un correo a:<\/p>\n<p><strong>info@aemis.org<\/strong><\/p>\n<p>[\/et_pb_text][\/et_pb_column][et_pb_column type=\u00bb1_3&#8243; _builder_version=\u00bb4.27.4&#8243; _module_preset=\u00bbdefault\u00bb global_colors_info=\u00bb{}\u00bb][et_pb_text _builder_version=\u00bb4.27.4&#8243; text_font=\u00bbOswald||on||||||\u00bb text_text_color=\u00bb#2a2a2a\u00bb text_font_size=\u00bb29px\u00bb text_line_height=\u00bb1.8em\u00bb animation_style=\u00bbfold\u00bb animation_direction=\u00bbleft\u00bb animation_intensity_fold=\u00bb5%\u00bb animation_starting_opacity=\u00bb100%\u00bb locked=\u00bboff\u00bb global_colors_info=\u00bb{}\u00bb]<\/p>\n<p>Web y Carnet Digital<\/p>\n<p>[\/et_pb_text][et_pb_text _builder_version=\u00bb4.27.4&#8243; _module_preset=\u00bbdefault\u00bb text_font_size=\u00bb16px\u00bb global_colors_info=\u00bb{}\u00bb]<\/p>\n<p>Si su consulta es por un tema relacionado con la <strong>info del Listado de Asociados o con el acceso al carnet digital<\/strong>, escriba un correo a:<\/p>\n<p><strong>info@dactilarcomunicacion.com<\/strong><\/p>\n<p>[\/et_pb_text][\/et_pb_column][et_pb_column type=\u00bb1_3&#8243; _builder_version=\u00bb4.27.4&#8243; _module_preset=\u00bbdefault\u00bb global_colors_info=\u00bb{}\u00bb][\/et_pb_column][\/et_pb_row][et_pb_row _builder_version=\u00bb4.27.4&#8243; _module_preset=\u00bbdefault\u00bb global_colors_info=\u00bb{}\u00bb][et_pb_column type=\u00bb4_4&#8243; _builder_version=\u00bb4.27.4&#8243; _module_preset=\u00bbdefault\u00bb global_colors_info=\u00bb{}\u00bb][\/et_pb_column][\/et_pb_row][\/et_pb_section]<\/p>\n","protected":false},"excerpt":{"rendered":"<p>ContactoAsociadosSi su consulta es por un tema relacionado con Altas y Bajas como Asociado\/a escriba un correo a: info@aemis.orgInscripciones CursosSi su consulta es por un tema relacionado con Inscripciones a Cursos, escriba un correo a cursos@aemis.orgAsuntos t\u00e9cnicos CursosSi su consulta es por un tema relacionado con el Programa del Curso o asuntos t\u00e9cnicos, escriba un [&hellip;]<\/p>\n","protected":false},"author":1,"featured_media":0,"parent":0,"menu_order":0,"comment_status":"closed","ping_status":"closed","template":"","meta":{"_et_pb_use_builder":"on","_et_pb_old_content":"","_et_gb_content_width":"1080","footnotes":""},"class_list":["post-31","page","type-page","status-publish","hentry"],"yoast_head":"<!-- This site is optimized with the Yoast SEO plugin v27.0 - https:\/\/yoast.com\/product\/yoast-seo-wordpress\/ -->\n<title>Contacto - AEMIS \u2013 Asociaci\u00f3n Espa\u00f1ola de Cirug\u00eda de M\u00ednima Incisi\u00f3n del Pie<\/title>\n<meta name=\"robots\" content=\"index, follow, max-snippet:-1, max-image-preview:large, max-video-preview:-1\" \/>\n<link rel=\"canonical\" href=\"https:\/\/aemis.org\/index.php\/contacto\/\" \/>\n<meta property=\"og:locale\" content=\"es_ES\" \/>\n<meta property=\"og:type\" content=\"article\" \/>\n<meta property=\"og:title\" content=\"Contacto - AEMIS \u2013 Asociaci\u00f3n Espa\u00f1ola de Cirug\u00eda de M\u00ednima Incisi\u00f3n del Pie\" \/>\n<meta property=\"og:description\" content=\"ContactoAsociadosSi su consulta es por un tema relacionado con Altas y Bajas como Asociado\/a escriba un correo a: info@aemis.orgInscripciones CursosSi su consulta es por un tema relacionado con Inscripciones a Cursos, escriba un correo a cursos@aemis.orgAsuntos t\u00e9cnicos CursosSi su consulta es por un tema relacionado con el Programa del Curso o asuntos t\u00e9cnicos, escriba un [&hellip;]\" \/>\n<meta property=\"og:url\" content=\"https:\/\/aemis.org\/index.php\/contacto\/\" \/>\n<meta property=\"og:site_name\" content=\"AEMIS \u2013 Asociaci\u00f3n Espa\u00f1ola de Cirug\u00eda de M\u00ednima Incisi\u00f3n del Pie\" \/>\n<meta property=\"article:modified_time\" content=\"2025-12-10T15:43:02+00:00\" \/>\n<meta name=\"twitter:card\" content=\"summary_large_image\" \/>\n<script type=\"application\/ld+json\" class=\"yoast-schema-graph\">{\"@context\":\"https:\/\/schema.org\",\"@graph\":[{\"@type\":\"WebPage\",\"@id\":\"https:\/\/aemis.org\/index.php\/contacto\/\",\"url\":\"https:\/\/aemis.org\/index.php\/contacto\/\",\"name\":\"Contacto - AEMIS \u2013 Asociaci\u00f3n Espa\u00f1ola de Cirug\u00eda de M\u00ednima Incisi\u00f3n del Pie\",\"isPartOf\":{\"@id\":\"https:\/\/aemis.org\/#website\"},\"datePublished\":\"2024-04-20T17:14:27+00:00\",\"dateModified\":\"2025-12-10T15:43:02+00:00\",\"breadcrumb\":{\"@id\":\"https:\/\/aemis.org\/index.php\/contacto\/#breadcrumb\"},\"inLanguage\":\"es\",\"potentialAction\":[{\"@type\":\"ReadAction\",\"target\":[\"https:\/\/aemis.org\/index.php\/contacto\/\"]}]},{\"@type\":\"BreadcrumbList\",\"@id\":\"https:\/\/aemis.org\/index.php\/contacto\/#breadcrumb\",\"itemListElement\":[{\"@type\":\"ListItem\",\"position\":1,\"name\":\"Portada\",\"item\":\"https:\/\/aemis.org\/\"},{\"@type\":\"ListItem\",\"position\":2,\"name\":\"Contacto\"}]},{\"@type\":\"WebSite\",\"@id\":\"https:\/\/aemis.org\/#website\",\"url\":\"https:\/\/aemis.org\/\",\"name\":\"AEMIS \u2013 Asociaci\u00f3n Espa\u00f1ola de Cirug\u00eda de M\u00ednima Incisi\u00f3n del Pie\",\"description\":\"Asociaci\u00f3n Espa\u00f1ola de Cirug\u00eda M\u00ednima Incisi\u00f3n del Pie\",\"potentialAction\":[{\"@type\":\"SearchAction\",\"target\":{\"@type\":\"EntryPoint\",\"urlTemplate\":\"https:\/\/aemis.org\/?s={search_term_string}\"},\"query-input\":{\"@type\":\"PropertyValueSpecification\",\"valueRequired\":true,\"valueName\":\"search_term_string\"}}],\"inLanguage\":\"es\"}]}<\/script>\n<!-- \/ Yoast SEO plugin. -->","yoast_head_json":{"title":"Contacto - AEMIS \u2013 Asociaci\u00f3n Espa\u00f1ola de Cirug\u00eda de M\u00ednima Incisi\u00f3n del Pie","robots":{"index":"index","follow":"follow","max-snippet":"max-snippet:-1","max-image-preview":"max-image-preview:large","max-video-preview":"max-video-preview:-1"},"canonical":"https:\/\/aemis.org\/index.php\/contacto\/","og_locale":"es_ES","og_type":"article","og_title":"Contacto - AEMIS \u2013 Asociaci\u00f3n Espa\u00f1ola de Cirug\u00eda de M\u00ednima Incisi\u00f3n del Pie","og_description":"ContactoAsociadosSi su consulta es por un tema relacionado con Altas y Bajas como Asociado\/a escriba un correo a: info@aemis.orgInscripciones CursosSi su consulta es por un tema relacionado con Inscripciones a Cursos, escriba un correo a cursos@aemis.orgAsuntos t\u00e9cnicos CursosSi su consulta es por un tema relacionado con el Programa del Curso o asuntos t\u00e9cnicos, escriba un [&hellip;]","og_url":"https:\/\/aemis.org\/index.php\/contacto\/","og_site_name":"AEMIS \u2013 Asociaci\u00f3n Espa\u00f1ola de Cirug\u00eda de M\u00ednima Incisi\u00f3n del Pie","article_modified_time":"2025-12-10T15:43:02+00:00","twitter_card":"summary_large_image","schema":{"@context":"https:\/\/schema.org","@graph":[{"@type":"WebPage","@id":"https:\/\/aemis.org\/index.php\/contacto\/","url":"https:\/\/aemis.org\/index.php\/contacto\/","name":"Contacto - AEMIS \u2013 Asociaci\u00f3n Espa\u00f1ola de Cirug\u00eda de M\u00ednima Incisi\u00f3n del Pie","isPartOf":{"@id":"https:\/\/aemis.org\/#website"},"datePublished":"2024-04-20T17:14:27+00:00","dateModified":"2025-12-10T15:43:02+00:00","breadcrumb":{"@id":"https:\/\/aemis.org\/index.php\/contacto\/#breadcrumb"},"inLanguage":"es","potentialAction":[{"@type":"ReadAction","target":["https:\/\/aemis.org\/index.php\/contacto\/"]}]},{"@type":"BreadcrumbList","@id":"https:\/\/aemis.org\/index.php\/contacto\/#breadcrumb","itemListElement":[{"@type":"ListItem","position":1,"name":"Portada","item":"https:\/\/aemis.org\/"},{"@type":"ListItem","position":2,"name":"Contacto"}]},{"@type":"WebSite","@id":"https:\/\/aemis.org\/#website","url":"https:\/\/aemis.org\/","name":"AEMIS \u2013 Asociaci\u00f3n Espa\u00f1ola de Cirug\u00eda de M\u00ednima Incisi\u00f3n del Pie","description":"Asociaci\u00f3n Espa\u00f1ola de Cirug\u00eda M\u00ednima Incisi\u00f3n del Pie","potentialAction":[{"@type":"SearchAction","target":{"@type":"EntryPoint","urlTemplate":"https:\/\/aemis.org\/?s={search_term_string}"},"query-input":{"@type":"PropertyValueSpecification","valueRequired":true,"valueName":"search_term_string"}}],"inLanguage":"es"}]}},"_links":{"self":[{"href":"https:\/\/aemis.org\/index.php\/wp-json\/wp\/v2\/pages\/31","targetHints":{"allow":["GET"]}}],"collection":[{"href":"https:\/\/aemis.org\/index.php\/wp-json\/wp\/v2\/pages"}],"about":[{"href":"https:\/\/aemis.org\/index.php\/wp-json\/wp\/v2\/types\/page"}],"author":[{"embeddable":true,"href":"https:\/\/aemis.org\/index.php\/wp-json\/wp\/v2\/users\/1"}],"replies":[{"embeddable":true,"href":"https:\/\/aemis.org\/index.php\/wp-json\/wp\/v2\/comments?post=31"}],"version-history":[{"count":54,"href":"https:\/\/aemis.org\/index.php\/wp-json\/wp\/v2\/pages\/31\/revisions"}],"predecessor-version":[{"id":1481,"href":"https:\/\/aemis.org\/index.php\/wp-json\/wp\/v2\/pages\/31\/revisions\/1481"}],"wp:attachment":[{"href":"https:\/\/aemis.org\/index.php\/wp-json\/wp\/v2\/media?parent=31"}],"curies":[{"name":"wp","href":"https:\/\/api.w.org\/{rel}","templated":true}]}}